{"id":31,"date":"2020-09-03T22:22:02","date_gmt":"2020-09-03T20:22:02","guid":{"rendered":"http:\/\/psycho04.fr\/?page_id=31"},"modified":"2026-01-03T21:19:01","modified_gmt":"2026-01-03T20:19:01","slug":"infos-pratiques","status":"publish","type":"page","link":"https:\/\/psycho04.fr\/index.php\/infos-pratiques\/","title":{"rendered":"Infos Pratiques"},"content":{"rendered":"\n<p><strong>Contact : 06 99 40 77 12<\/strong><\/p>\n\n\n\n<p><\/p>\n\n\n\n<p>Entretiens au cabinet lib\u00e9ral ou en t\u00e9l\u00e9consultation:<\/p>\n\n\n\n<p><strong>9 rue Alphonse Richard 04000 Digne-les-bains<\/strong> (proche CPAM)<\/p>\n\n\n\n<p><\/p>\n\n\n\n<p><\/p>\n\n\n\n<p>partir de f\u00e9vrier 2026, consultation sur Aixe en Provence le vendredi<\/p>\n\n\n\n<p><strong>4 Boulevard Victor Coq, 13090 Aix-en-Provence<\/strong><\/p>\n\n\n\n<p><\/p>\n\n\n\n<p>Tarifs sur demande. Attention pas de remboursement par la s\u00e9curit\u00e9 sociale! Remboursement par certaines mutuelles.<\/p>\n\n\n\n<div class=\"wp-block-group\"><div class=\"wp-block-group__inner-container is-layout-flow wp-block-group-is-layout-flow\">\n<figure class=\"wp-block-gallery aligncenter has-nested-images columns-default is-cropped wp-block-gallery-1 is-layout-flex wp-block-gallery-is-layout-flex\"><\/figure>\n\n\n\n<figure class=\"wp-block-image size-large is-resized\"><img loading=\"lazy\" decoding=\"async\" width=\"1024\" height=\"768\" src=\"https:\/\/psycho04.fr\/wp-content\/uploads\/2024\/01\/20230903_121610-1024x768.jpg\" alt=\"\" class=\"wp-image-153\" style=\"width:291px;height:218px\" srcset=\"https:\/\/psycho04.fr\/wp-content\/uploads\/2024\/01\/20230903_121610-1024x768.jpg 1024w, https:\/\/psycho04.fr\/wp-content\/uploads\/2024\/01\/20230903_121610-300x225.jpg 300w, https:\/\/psycho04.fr\/wp-content\/uploads\/2024\/01\/20230903_121610-768x576.jpg 768w, https:\/\/psycho04.fr\/wp-content\/uploads\/2024\/01\/20230903_121610-1536x1152.jpg 1536w, https:\/\/psycho04.fr\/wp-content\/uploads\/2024\/01\/20230903_121610-2048x1536.jpg 2048w\" sizes=\"auto, (max-width: 1024px) 100vw, 1024px\" \/><figcaption class=\"wp-element-caption\">CABINET<\/figcaption><\/figure>\n<\/div><\/div>\n\n\n\n<p><\/p>\n","protected":false},"excerpt":{"rendered":"<p>Contact : 06 99 40 77 12 Entretiens au cabinet lib\u00e9ral ou en t\u00e9l\u00e9consultation: 9 rue Alphonse Richard 04000 Digne-les-bains (proche CPAM) partir de f\u00e9vrier 2026, consultation sur Aixe en Provence le vendredi 4 Boulevard Victor Coq, 13090 Aix-en-Provence Tarifs sur demande. Attention pas de remboursement par la s\u00e9curit\u00e9 sociale! Remboursement par certaines mutuelles.<\/p>\n","protected":false},"author":1,"featured_media":0,"parent":0,"menu_order":0,"comment_status":"closed","ping_status":"closed","template":"","meta":{"footnotes":""},"class_list":["post-31","page","type-page","status-publish","hentry"],"_links":{"self":[{"href":"https:\/\/psycho04.fr\/index.php\/wp-json\/wp\/v2\/pages\/31","targetHints":{"allow":["GET"]}}],"collection":[{"href":"https:\/\/psycho04.fr\/index.php\/wp-json\/wp\/v2\/pages"}],"about":[{"href":"https:\/\/psycho04.fr\/index.php\/wp-json\/wp\/v2\/types\/page"}],"author":[{"embeddable":true,"href":"https:\/\/psycho04.fr\/index.php\/wp-json\/wp\/v2\/users\/1"}],"replies":[{"embeddable":true,"href":"https:\/\/psycho04.fr\/index.php\/wp-json\/wp\/v2\/comments?post=31"}],"version-history":[{"count":13,"href":"https:\/\/psycho04.fr\/index.php\/wp-json\/wp\/v2\/pages\/31\/revisions"}],"predecessor-version":[{"id":185,"href":"https:\/\/psycho04.fr\/index.php\/wp-json\/wp\/v2\/pages\/31\/revisions\/185"}],"wp:attachment":[{"href":"https:\/\/psycho04.fr\/index.php\/wp-json\/wp\/v2\/media?parent=31"}],"curies":[{"name":"wp","href":"https:\/\/api.w.org\/{rel}","templated":true}]}}