{"id":29,"date":"2020-09-03T22:04:10","date_gmt":"2020-09-03T20:04:10","guid":{"rendered":"http:\/\/psycho04.fr\/?page_id=29"},"modified":"2026-01-03T21:03:51","modified_gmt":"2026-01-03T20:03:51","slug":"dmoka","status":"publish","type":"page","link":"https:\/\/psycho04.fr\/index.php\/dmoka\/","title":{"rendered":"DINAMO ?"},"content":{"rendered":"\n<p>Cette approche de traitement des traumatismes et sch\u00e9mas r\u00e9p\u00e9titifs est bas\u00e9e sur mon exp\u00e9rience clinique de psychologue, ma pratique et mon exp\u00e9rience personnelle en\u00a0<strong>DMOKA\u00ae<\/strong>\u00a0et\u00a0en\u00a0<strong>EMDR<\/strong>. Elle inclue des principes neuropsychologiques d\u00e9coulant de la th\u00e9rapie des sch\u00e9mas et de la coh\u00e9rence.<\/p>\n\n\n\n<p class=\"has-medium-font-size\"><\/p>\n\n\n\n<p><\/p>\n\n\n\n<p class=\"has-text-align-left\">L<strong>&lsquo;approche Emdr-DINAMO<\/strong>, est une Th\u00e9rapie neuro-\u00e9motionnelle qui permet de d\u00e9programmer en profondeur les traumatismes ou choc \u00e9motionnel.<\/p>\n\n\n\n<p><\/p>\n\n\n\n<p class=\"has-text-align-left\">Apr\u00e8s une ou plusieurs s\u00e9ances pr\u00e9alables permettant de clarifier vos objectifs \u00e0 la lumi\u00e8re de votre histoire et l&rsquo;installation de ressources, nous pouvons r\u00e9aliser des s\u00e9ances de D\u00e9programmation des blocages \u00e9motionnels. <\/p>\n\n\n\n<p><\/p>\n\n\n\n<p class=\"has-text-align-left\">La s\u00e9ance consiste en recontactant un souvenir et\/ou des ressentis physiques, \u00e0 r\u00e9aliser des stimulations visuelles et des mouvements de taping sur les mains. Cela permet de cr\u00e9er de nouvelles connexions c\u00e9r\u00e9brales, de reconnecter les \u00e9motions avec les sensations et les images afin de traiter en profondeur le blocage. Une place est laiss\u00e9 \u00e0 la discussion et des outils de visualisation peuvent compl\u00e9ter la s\u00e9ance.<\/p>\n\n\n\n<p><\/p>\n\n\n\n<p class=\"has-text-align-left\">En fin de s\u00e9ance le ressenti physique et\/ou \u00e9motionnel est fortement att\u00e9nu\u00e9.  La s\u00e9ance se termine par un ancrage positif.<\/p>\n","protected":false},"excerpt":{"rendered":"<p>Cette approche de traitement des traumatismes et sch\u00e9mas r\u00e9p\u00e9titifs est bas\u00e9e sur mon exp\u00e9rience clinique de psychologue, ma pratique et mon exp\u00e9rience personnelle en\u00a0DMOKA\u00ae\u00a0et\u00a0en\u00a0EMDR. Elle inclue des principes neuropsychologiques d\u00e9coulant de la th\u00e9rapie des sch\u00e9mas et de la coh\u00e9rence. L&lsquo;approche Emdr-DINAMO, est une Th\u00e9rapie neuro-\u00e9motionnelle qui permet de d\u00e9programmer en profondeur les traumatismes ou choc [&hellip;]<\/p>\n","protected":false},"author":1,"featured_media":0,"parent":0,"menu_order":0,"comment_status":"closed","ping_status":"closed","template":"","meta":{"footnotes":""},"class_list":["post-29","page","type-page","status-publish","hentry"],"_links":{"self":[{"href":"https:\/\/psycho04.fr\/index.php\/wp-json\/wp\/v2\/pages\/29","targetHints":{"allow":["GET"]}}],"collection":[{"href":"https:\/\/psycho04.fr\/index.php\/wp-json\/wp\/v2\/pages"}],"about":[{"href":"https:\/\/psycho04.fr\/index.php\/wp-json\/wp\/v2\/types\/page"}],"author":[{"embeddable":true,"href":"https:\/\/psycho04.fr\/index.php\/wp-json\/wp\/v2\/users\/1"}],"replies":[{"embeddable":true,"href":"https:\/\/psycho04.fr\/index.php\/wp-json\/wp\/v2\/comments?post=29"}],"version-history":[{"count":9,"href":"https:\/\/psycho04.fr\/index.php\/wp-json\/wp\/v2\/pages\/29\/revisions"}],"predecessor-version":[{"id":177,"href":"https:\/\/psycho04.fr\/index.php\/wp-json\/wp\/v2\/pages\/29\/revisions\/177"}],"wp:attachment":[{"href":"https:\/\/psycho04.fr\/index.php\/wp-json\/wp\/v2\/media?parent=29"}],"curies":[{"name":"wp","href":"https:\/\/api.w.org\/{rel}","templated":true}]}}