{"id":25,"date":"2020-09-03T21:55:35","date_gmt":"2020-09-03T19:55:35","guid":{"rendered":"http:\/\/psycho04.fr\/?page_id=25"},"modified":"2020-09-03T21:55:35","modified_gmt":"2020-09-03T19:55:35","slug":"accompagnement","status":"publish","type":"page","link":"https:\/\/psycho04.fr\/index.php\/accompagnement\/","title":{"rendered":"Accompagnement"},"content":{"rendered":"\n<p><\/p>\n\n\n\n<figure class=\"wp-block-pullquote\"><blockquote><p>Je m&rsquo;adapte individuellement aux demandes et au rythme de chaque personne<\/p><\/blockquote><\/figure>\n\n\n\n<ul class=\"wp-block-list\"><li>La th\u00e9rapie vous offre <strong>un espace de parole et d&rsquo;\u00e9coute confidentiel <\/strong>o\u00f9 vous prenez soin de vous. Cela vous permet de clarifier vos difficult\u00e9s, d&rsquo;identifier vos besoins et ce qui vous rend heureux. Je vous aide \u00e0 d\u00e9velopper vos ressources et \u00e0 trouver vos propres solutions. En fonction de vos objectifs, je peux vous transmettre des outils de gestion du stress.<\/li><li><strong>Th\u00e9rapie par le jeu<\/strong> avec les enfants<\/li><li><strong>Les entretiens de couple ou parent-enfant<\/strong> permettent d&rsquo;apprendre \u00e0 mieux communiquer afin de sortir de l&rsquo;incompr\u00e9hension, de prendre en compte le point de vue et les besoins de chacun et de recr\u00e9er du lien. <\/li><li>Accompagnement sp\u00e9cifique de<strong> la p\u00e9riode p\u00e9rinatale<\/strong>. Devenir parent est un v\u00e9ritable bouleversement qui peut \u00eatre une source de stress. Lorsqu&rsquo;un mal-\u00eatre s&rsquo;installe, il est important de se faire aider pour surmonter les difficult\u00e9s et retrouver le plaisir des \u00e9changes.<\/li><li><strong>La th\u00e9rapie par les mouvements oculaires pour vous aider \u00e0 vous lib\u00e9rer de vos traumatismes ou chocs \u00e9motionnels<\/strong>.<\/li><\/ul>\n","protected":false},"excerpt":{"rendered":"<p>Je m&rsquo;adapte individuellement aux demandes et au rythme de chaque personne La th\u00e9rapie vous offre un espace de parole et d&rsquo;\u00e9coute confidentiel o\u00f9 vous prenez soin de vous. Cela vous permet de clarifier vos difficult\u00e9s, d&rsquo;identifier vos besoins et ce qui vous rend heureux. Je vous aide \u00e0 d\u00e9velopper vos ressources et \u00e0 trouver vos [&hellip;]<\/p>\n","protected":false},"author":1,"featured_media":0,"parent":0,"menu_order":0,"comment_status":"closed","ping_status":"closed","template":"","meta":{"footnotes":""},"class_list":["post-25","page","type-page","status-publish","hentry"],"_links":{"self":[{"href":"https:\/\/psycho04.fr\/index.php\/wp-json\/wp\/v2\/pages\/25","targetHints":{"allow":["GET"]}}],"collection":[{"href":"https:\/\/psycho04.fr\/index.php\/wp-json\/wp\/v2\/pages"}],"about":[{"href":"https:\/\/psycho04.fr\/index.php\/wp-json\/wp\/v2\/types\/page"}],"author":[{"embeddable":true,"href":"https:\/\/psycho04.fr\/index.php\/wp-json\/wp\/v2\/users\/1"}],"replies":[{"embeddable":true,"href":"https:\/\/psycho04.fr\/index.php\/wp-json\/wp\/v2\/comments?post=25"}],"version-history":[{"count":2,"href":"https:\/\/psycho04.fr\/index.php\/wp-json\/wp\/v2\/pages\/25\/revisions"}],"predecessor-version":[{"id":47,"href":"https:\/\/psycho04.fr\/index.php\/wp-json\/wp\/v2\/pages\/25\/revisions\/47"}],"wp:attachment":[{"href":"https:\/\/psycho04.fr\/index.php\/wp-json\/wp\/v2\/media?parent=25"}],"curies":[{"name":"wp","href":"https:\/\/api.w.org\/{rel}","templated":true}]}}