{"id":149,"date":"2024-01-22T20:24:22","date_gmt":"2024-01-22T19:24:22","guid":{"rendered":"https:\/\/psycho04.fr\/?page_id=149"},"modified":"2026-01-03T21:07:00","modified_gmt":"2026-01-03T20:07:00","slug":"formatrice-dmokar","status":"publish","type":"page","link":"https:\/\/psycho04.fr\/index.php\/formatrice-dmokar\/","title":{"rendered":"Formatrice EMDR-DINAMO"},"content":{"rendered":"\n<p><\/p>\n\n\n\n<p><br>L\u2019approche EMDR-DINAMO est une th\u00e9rapie qui utilise la stimulation sensorielle (yeux, tapotement, sons) bi-altern\u00e9e (mouvement droite -Gauche et tapotement) afin de retraiter les traumatismes psychiques, les blocages \u00e9motionnels et les sch\u00e9mas de fonctionnements r\u00e9p\u00e9titifs.<\/p>\n\n\n\n<p><a><\/a> \ufeff<\/p>\n\n\n\n<p><a><\/a> S&rsquo;adresse \u00e0 toutes personnes dans l&rsquo;accompagnement, la relation d&rsquo;aide: professionnel de sant\u00e9, psychologues, th\u00e9rapeutes, hypnoth\u00e9rapeutes&#8230;<\/p>\n\n\n\n<p><a><\/a> \ufeff<\/p>\n\n\n\n<p><a><\/a> La formation de base est constitu\u00e9 de 3 modules de 3 jours <strong>en pr\u00e9sentiel <\/strong>et de <strong>trois s\u00e9ances de supervision collective<\/strong> \u00e0 distance<\/p>\n\n\n\n<p><a><\/a> \ufeff<\/p>\n\n\n\n<p> Co\u00fbt: 2100 euros<\/p>\n\n\n\n<p><a><\/a> \ufeff<\/p>\n\n\n\n<p><a><\/a> Pourquoi faire cette formation?<\/p>\n\n\n\n<ol class=\"wp-block-list\">\n<li> <strong>Accessibilit\u00e9 :<\/strong>\u00a0La formation EMDR-DINAMO est ouverte \u00e0 toute personne form\u00e9e \u00e0 la relation d&rsquo;aide. Cela apr\u00e8s en entretien pr\u00e9alable par t\u00e9l\u00e9phone pour \u00e9valuer l&rsquo;ad\u00e9quation entre les attentes de la personne, sa pratique et le contenu de la formation DMOKA (R).<\/li>\n\n\n\n<li><strong>Efficacit\u00e9 et rapidit\u00e9 :<\/strong>\u00a0La technique EMDR-DINAMO est remarquable par la rapidit\u00e9 et l\u2019efficacit\u00e9 de son action, particuli\u00e8rement dans le\u00a0<a href=\"https:\/\/www.dmoka.org\/therapie-dmoka-traitements-par-les-mouvements-oculaires-emdr.html\"><strong>traitement cas de stress post-traumatique<\/strong><\/a>\u00a0suite \u00e0 des violences, accidents, ou encore des deuils non faits .<br>Elle est \u00e9galement efficace dans le traitement des sentiments n\u00e9gatifs (culpabilit\u00e9s, col\u00e8res, ressentiments) et des comportements inadapt\u00e9s qui les accompagnent.<\/li>\n\n\n\n<li><strong>Traitement en profondeur :<\/strong>\u00a0L\u2019outil EMDR-DINAMO permet de d\u00e9programmer des m\u00e9moires provenant de la vie intra-ut\u00e9rine, de d\u00e9bloquer des ressentis physiques, des douleurs, et d\u2019avoir des r\u00e9sultats sur des dysfonctionnements biologiques et comportementaux gr\u00e2ce au retraitement des \u00e9motions qui les sous-tendaient.<\/li>\n\n\n\n<li><strong>Changement des croyances limitantes :<\/strong>\u00a0Cette approche EMDR-DINAMO retravaille les croyances limitantes et bloquantes inscrites lors des chocs ou des \u00e9v\u00e9nements marquants. Elle permet de cr\u00e9er et d&rsquo;ancrer de nouvelles croyances positives.<\/li>\n\n\n\n<li><\/li>\n<\/ol>\n\n\n\n<p>Ma page Facebook : <a href=\"https:\/\/www.facebook.com\/profile.php?id=61550852211546\" data-type=\"URL\" data-id=\"https:\/\/www.facebook.com\/profile.php?id=61550852211546\">https:\/\/www.facebook.com\/profile.php?id=61550852211546<\/a><\/p>\n\n\n\n<p><\/p>\n\n\n\n<figure class=\"wp-block-image size-full\"><img loading=\"lazy\" decoding=\"async\" width=\"1024\" height=\"1024\" src=\"https:\/\/psycho04.fr\/wp-content\/uploads\/2026\/01\/Formation-DINAMO.png\" alt=\"\" class=\"wp-image-179\" srcset=\"https:\/\/psycho04.fr\/wp-content\/uploads\/2026\/01\/Formation-DINAMO.png 1024w, https:\/\/psycho04.fr\/wp-content\/uploads\/2026\/01\/Formation-DINAMO-300x300.png 300w, https:\/\/psycho04.fr\/wp-content\/uploads\/2026\/01\/Formation-DINAMO-150x150.png 150w, https:\/\/psycho04.fr\/wp-content\/uploads\/2026\/01\/Formation-DINAMO-768x768.png 768w\" sizes=\"auto, (max-width: 1024px) 100vw, 1024px\" \/><\/figure>\n","protected":false},"excerpt":{"rendered":"<p>L\u2019approche EMDR-DINAMO est une th\u00e9rapie qui utilise la stimulation sensorielle (yeux, tapotement, sons) bi-altern\u00e9e (mouvement droite -Gauche et tapotement) afin de retraiter les traumatismes psychiques, les blocages \u00e9motionnels et les sch\u00e9mas de fonctionnements r\u00e9p\u00e9titifs. \ufeff S&rsquo;adresse \u00e0 toutes personnes dans l&rsquo;accompagnement, la relation d&rsquo;aide: professionnel de sant\u00e9, psychologues, th\u00e9rapeutes, hypnoth\u00e9rapeutes&#8230; \ufeff La formation de base [&hellip;]<\/p>\n","protected":false},"author":1,"featured_media":0,"parent":0,"menu_order":0,"comment_status":"closed","ping_status":"closed","template":"","meta":{"footnotes":""},"class_list":["post-149","page","type-page","status-publish","hentry"],"_links":{"self":[{"href":"https:\/\/psycho04.fr\/index.php\/wp-json\/wp\/v2\/pages\/149","targetHints":{"allow":["GET"]}}],"collection":[{"href":"https:\/\/psycho04.fr\/index.php\/wp-json\/wp\/v2\/pages"}],"about":[{"href":"https:\/\/psycho04.fr\/index.php\/wp-json\/wp\/v2\/types\/page"}],"author":[{"embeddable":true,"href":"https:\/\/psycho04.fr\/index.php\/wp-json\/wp\/v2\/users\/1"}],"replies":[{"embeddable":true,"href":"https:\/\/psycho04.fr\/index.php\/wp-json\/wp\/v2\/comments?post=149"}],"version-history":[{"count":11,"href":"https:\/\/psycho04.fr\/index.php\/wp-json\/wp\/v2\/pages\/149\/revisions"}],"predecessor-version":[{"id":181,"href":"https:\/\/psycho04.fr\/index.php\/wp-json\/wp\/v2\/pages\/149\/revisions\/181"}],"wp:attachment":[{"href":"https:\/\/psycho04.fr\/index.php\/wp-json\/wp\/v2\/media?parent=149"}],"curies":[{"name":"wp","href":"https:\/\/api.w.org\/{rel}","templated":true}]}}