{"id":13,"date":"2020-09-03T22:01:34","date_gmt":"2020-09-03T20:01:34","guid":{"rendered":"http:\/\/psycho04.fr\/?page_id=13"},"modified":"2026-01-03T21:20:42","modified_gmt":"2026-01-03T20:20:42","slug":"qui-suis-je","status":"publish","type":"page","link":"https:\/\/psycho04.fr\/index.php\/qui-suis-je\/","title":{"rendered":"Qui suis je ?"},"content":{"rendered":"\n<figure class=\"wp-block-image size-large is-style-rounded\"><img loading=\"lazy\" decoding=\"async\" width=\"1024\" height=\"768\" src=\"https:\/\/psycho04.fr\/wp-content\/uploads\/2022\/04\/20210813_141822-1024x768.jpg\" alt=\"\" class=\"wp-image-108\" srcset=\"https:\/\/psycho04.fr\/wp-content\/uploads\/2022\/04\/20210813_141822-1024x768.jpg 1024w, https:\/\/psycho04.fr\/wp-content\/uploads\/2022\/04\/20210813_141822-300x225.jpg 300w, https:\/\/psycho04.fr\/wp-content\/uploads\/2022\/04\/20210813_141822-768x576.jpg 768w, https:\/\/psycho04.fr\/wp-content\/uploads\/2022\/04\/20210813_141822-1536x1152.jpg 1536w, https:\/\/psycho04.fr\/wp-content\/uploads\/2022\/04\/20210813_141822-2048x1536.jpg 2048w\" sizes=\"auto, (max-width: 1024px) 100vw, 1024px\" \/><figcaption class=\"wp-element-caption\">Ce n\u00e9nuphar rappelle la citation de Thich Nhat Hanh sur le lotus: \u00ab\u00a0De la boue na\u00eet la fleur de lotus. Beaucoup de personnes ont peur de la souffrance, mais elle est comme la boue qui aide votre bonheur \u00e0 pousser. De votre souffrance peut na\u00eetre bonheur et accomplissement \u00bb.<br><\/figcaption><\/figure>\n\n\n\n<p>   Dipl\u00f4m\u00e9e d&rsquo;un <em>Master de psychologie clinique<\/em> (Universit\u00e9 de Savoie), d&rsquo;un <em>Master en Neurosciences<\/em> (Universit\u00e9 de Provence) et je pratique des th\u00e9rapies bas\u00e9es sur des valeurs fondamentales: <strong>empathie<\/strong>, <strong>bienveillance<\/strong> et <strong>absence de jugement<\/strong>. <\/p>\n\n\n\n<p><\/p>\n\n\n\n<p>   J&rsquo;exerce le m\u00e9tier de psychologue depuis 2011, j&rsquo;ai travaill\u00e9 10 ans dans des structures sociales ou m\u00e9dico-sociales autour de l&rsquo;accompagnement des enfants, adolescents et leurs parents (CAMPS, Sessad, Mecs) et d&rsquo;adultes autour de diff\u00e9rentes probl\u00e9matiques tels l&rsquo;anxi\u00e9t\u00e9, la d\u00e9pression, les difficult\u00e9s relationnelles,  handicap (Clinique priv\u00e9e \u00ab\u00a0La Teppe\u00a0\u00bb, foyer d&rsquo;H\u00e9bergement).<\/p>\n\n\n\n<p><\/p>\n\n\n\n<p>   Dans la continuit\u00e9 des courants humanistes je me suis form\u00e9e \u00e0 <strong>l&rsquo;\u00e9coute active<\/strong> (Institut Reliance (R)), <strong>la communication bienveillante<\/strong> et <strong>l&rsquo;entretien motivationnel<\/strong>  qui permet d&rsquo;accompagner la personne dans une d\u00e9marche de changement.<\/p>\n\n\n\n<p>Passionn\u00e9e par les relations humaines je me suis form\u00e9e en p\u00e9rinatalit\u00e9 pour mieux appr\u00e9hender les enjeux de la relation parent-enfant, \u00e0 la psychoth\u00e9rapie interpersonnelle (initiation avec le Dr Omay) et je me suis int\u00e9ress\u00e9e \u00e0 la psychologie syst\u00e9mique (institut IFACT) afin d&rsquo;accompagner les personnes dans leurs relations.<\/p>\n\n\n\n<p><\/p>\n\n\n\n<p>Dans mon parcours personnel, j&rsquo;ai b\u00e9n\u00e9fici\u00e9 de th\u00e9rapies de d\u00e9programmation des blocages \u00e9motionnels de type EMDR (3 ans) et DMOKA (R). Convaincue par l&rsquo;apaisement et les ressources que cela m&rsquo;a apport\u00e9, je me suis form\u00e9e \u00e0 l&rsquo;approche DMOKA (R) en 2019. Puis en 2022,je me suis form\u00e9e pour devenir formatrice et j&rsquo;ai ensuite cr\u00e9er ma formation DINAMO.<\/p>\n\n\n\n<p><\/p>\n\n\n\n<p>   Pour compl\u00e9ter mon approche, en 2021 je me suis form\u00e9e \u00e0 l&rsquo;hypnose \u00e0 l&rsquo;insitut I-HEC (Bordeaux), je poursuis ma formation avec l&rsquo;institut DEHIF et les enseignements de Brice Lemaire. J&rsquo;ai \u00e9galement suivi une formation sp\u00e9cifique d&rsquo;accompagnement pr\u00e9natal avec Lise Bartoli \u00ab\u00a0Hypnonatal\u00a0\u00bb.<\/p>\n\n\n\n<p><\/p>\n","protected":false},"excerpt":{"rendered":"<p>Dipl\u00f4m\u00e9e d&rsquo;un Master de psychologie clinique (Universit\u00e9 de Savoie), d&rsquo;un Master en Neurosciences (Universit\u00e9 de Provence) et je pratique des th\u00e9rapies bas\u00e9es sur des valeurs fondamentales: empathie, bienveillance et absence de jugement. J&rsquo;exerce le m\u00e9tier de psychologue depuis 2011, j&rsquo;ai travaill\u00e9 10 ans dans des structures sociales ou m\u00e9dico-sociales autour de l&rsquo;accompagnement des enfants, adolescents [&hellip;]<\/p>\n","protected":false},"author":1,"featured_media":0,"parent":0,"menu_order":0,"comment_status":"closed","ping_status":"closed","template":"","meta":{"footnotes":""},"class_list":["post-13","page","type-page","status-publish","hentry"],"_links":{"self":[{"href":"https:\/\/psycho04.fr\/index.php\/wp-json\/wp\/v2\/pages\/13","targetHints":{"allow":["GET"]}}],"collection":[{"href":"https:\/\/psycho04.fr\/index.php\/wp-json\/wp\/v2\/pages"}],"about":[{"href":"https:\/\/psycho04.fr\/index.php\/wp-json\/wp\/v2\/types\/page"}],"author":[{"embeddable":true,"href":"https:\/\/psycho04.fr\/index.php\/wp-json\/wp\/v2\/users\/1"}],"replies":[{"embeddable":true,"href":"https:\/\/psycho04.fr\/index.php\/wp-json\/wp\/v2\/comments?post=13"}],"version-history":[{"count":9,"href":"https:\/\/psycho04.fr\/index.php\/wp-json\/wp\/v2\/pages\/13\/revisions"}],"predecessor-version":[{"id":187,"href":"https:\/\/psycho04.fr\/index.php\/wp-json\/wp\/v2\/pages\/13\/revisions\/187"}],"wp:attachment":[{"href":"https:\/\/psycho04.fr\/index.php\/wp-json\/wp\/v2\/media?parent=13"}],"curies":[{"name":"wp","href":"https:\/\/api.w.org\/{rel}","templated":true}]}}