{"id":114,"date":"2022-04-11T14:34:54","date_gmt":"2022-04-11T12:34:54","guid":{"rendered":"https:\/\/psycho04.fr\/?page_id=114"},"modified":"2026-01-03T21:15:13","modified_gmt":"2026-01-03T20:15:13","slug":"hypnose","status":"publish","type":"page","link":"https:\/\/psycho04.fr\/index.php\/hypnose\/","title":{"rendered":"Hypnose"},"content":{"rendered":"\n<p><em>L&rsquo;\u00e9tat hypnotique:<\/em><\/p>\n\n\n\n<p>L\u2019<strong>\u00a0\u00e9tat d\u2019hypnose<\/strong> est un \u00e9tat modifi\u00e9 de la conscience situ\u00e9 entre la veille et le sommeil. C&rsquo;est<strong>\u00a0une transe naturelle <\/strong>que nous exp\u00e9rimentons plusieurs fois par jour sans n\u00e9cessairement nous en rendre compte.\u00a0Cela peut \u00eatre quand nous sommes absorb\u00e9s par un bon livre ou quand nous r\u00eavassons. Durant de tels \u00e9v\u00e9nements, notre esprit appr\u00e9hende diff\u00e9remment le monde, l&rsquo;esprit analytique n&rsquo;est plus au premier plan. Les ondes c\u00e9r\u00e9brales au niveau du cerveau se situent au niveau alpha, comme lorsque nous venons de nous r\u00e9veiller. L&rsquo;\u00e9tat hypnotique peut permettre en fonction de diff\u00e9rents facteurs d&rsquo;atteindre des niveaux de relaxation encore plus profonde (comme par exemple les ondes th\u00eata).<\/p>\n\n\n\n<p><\/p>\n\n\n\n<p><em>Principe de l&rsquo;hypnoth\u00e9rapie<\/em>:<\/p>\n\n\n\n<p>Contrairement aux id\u00e9es re\u00e7ues, en \u00e9tat d&rsquo;hypnose vous concervez un certain \u00e9tat de conscience et gardez le contr\u00f4le de vos actes.<\/p>\n\n\n\n<p><\/p>\n\n\n\n<p><strong>L&rsquo;hypnose est bas\u00e9e sur le principe que chacun de nous \u00e0 tout en lui pour r\u00e9soudre ses blocages<\/strong>. L&rsquo;hypnose permet d&rsquo;aller travailler au niveau de <strong>l&rsquo;inconscient qui contient toutes les ressources<\/strong> de la personne. Le th\u00e9rapeute cr\u00e9e les conditions favorables qui permettent \u00e0 l&rsquo;inconscient de mobiliser vos ressources et trouver vos propre solutions.<\/p>\n\n\n\n<p><\/p>\n\n\n\n<p>Selon les principes de l&rsquo;hypnose Elmanienne,<strong> le th\u00e9rapeute fait 50% du travail portant sur l&rsquo;acc\u00e8s \u00e0 un \u00e9tat hypnotique gr\u00e2ce \u00e0 ses m\u00e9thodes sp\u00e9cifiques et vous faites les 50% restant.<\/strong><\/p>\n\n\n\n<p>.<\/p>\n\n\n\n<p><\/p>\n\n\n\n<p><\/p>\n\n\n\n<p><em>Indications:<\/em><\/p>\n\n\n\n<p>L&rsquo;hypnose peut \u00eatre utilis\u00e9e pour diff\u00e9rentes probl\u00e9matiques: stress, anxi\u00e9t\u00e9, d\u00e9pression, changement, insomnie, confiance en soi&#8230; et \u00e9galement pour les traumatismes, la connaissance de soi et l&rsquo;\u00e9volution spirituelle. <strong>Dans ma pratique j&rsquo;utilise l&rsquo;hypnose en compl\u00e9ment de l&rsquo;accompagnement th\u00e9rapeutique afin de d\u00e9velopper des ressources, de d\u00e9passer un blocage ou creuser une probl\u00e9matique sp\u00e9cifique.<\/strong><\/p>\n\n\n\n<p><\/p>\n\n\n\n<p><em>Contre-indications<\/em>: les personnes pr\u00e9sentant des troubles psychiatriques non stabilis\u00e9s.<\/p>\n","protected":false},"excerpt":{"rendered":"<p>L&rsquo;\u00e9tat hypnotique: L\u2019\u00a0\u00e9tat d\u2019hypnose est un \u00e9tat modifi\u00e9 de la conscience situ\u00e9 entre la veille et le sommeil. C&rsquo;est\u00a0une transe naturelle que nous exp\u00e9rimentons plusieurs fois par jour sans n\u00e9cessairement nous en rendre compte.\u00a0Cela peut \u00eatre quand nous sommes absorb\u00e9s par un bon livre ou quand nous r\u00eavassons. Durant de tels \u00e9v\u00e9nements, notre esprit appr\u00e9hende [&hellip;]<\/p>\n","protected":false},"author":1,"featured_media":0,"parent":0,"menu_order":0,"comment_status":"closed","ping_status":"closed","template":"","meta":{"footnotes":""},"class_list":["post-114","page","type-page","status-publish","hentry"],"_links":{"self":[{"href":"https:\/\/psycho04.fr\/index.php\/wp-json\/wp\/v2\/pages\/114","targetHints":{"allow":["GET"]}}],"collection":[{"href":"https:\/\/psycho04.fr\/index.php\/wp-json\/wp\/v2\/pages"}],"about":[{"href":"https:\/\/psycho04.fr\/index.php\/wp-json\/wp\/v2\/types\/page"}],"author":[{"embeddable":true,"href":"https:\/\/psycho04.fr\/index.php\/wp-json\/wp\/v2\/users\/1"}],"replies":[{"embeddable":true,"href":"https:\/\/psycho04.fr\/index.php\/wp-json\/wp\/v2\/comments?post=114"}],"version-history":[{"count":4,"href":"https:\/\/psycho04.fr\/index.php\/wp-json\/wp\/v2\/pages\/114\/revisions"}],"predecessor-version":[{"id":183,"href":"https:\/\/psycho04.fr\/index.php\/wp-json\/wp\/v2\/pages\/114\/revisions\/183"}],"wp:attachment":[{"href":"https:\/\/psycho04.fr\/index.php\/wp-json\/wp\/v2\/media?parent=114"}],"curies":[{"name":"wp","href":"https:\/\/api.w.org\/{rel}","templated":true}]}}