{"id":110,"date":"2022-04-11T13:35:51","date_gmt":"2022-04-11T11:35:51","guid":{"rendered":"https:\/\/psycho04.fr\/?page_id=110"},"modified":"2026-01-03T20:58:07","modified_gmt":"2026-01-03T19:58:07","slug":"bienvenue-sur-mon-site","status":"publish","type":"page","link":"https:\/\/psycho04.fr\/index.php\/bienvenue-sur-mon-site\/","title":{"rendered":"Bienvenue sur mon site"},"content":{"rendered":"\n<p><\/p>\n\n\n\n<p><span style=\"background-color: rgba(34, 34, 34, 0.2);\"><b>P<\/b><\/span><strong>our Information:<\/strong> <strong>je n&rsquo;ai pas adh\u00e9r\u00e9 au dispositif de remboursement par la CPAM.<\/strong> <\/p>\n\n\n\n<p><\/p>\n\n\n\n<p><\/p>\n\n\n\n<p class=\"has-text-align-left has-medium-font-size\"><strong>Actualit\u00e9:<\/strong><\/p>\n\n\n\n<p><strong>A partir de f\u00e9vrier 2026, j&rsquo;exercerai un jour par semaine \u00e0 Aix-en-Provence<\/strong> \u00e0 l&rsquo;Espace ID2genie, afin de proposer des acommpagnement ax\u00e9s sur <strong>des probl\u00e9matiques existentielles<\/strong> \u00e0 travers les approches DINAMO (mouvements oculaire) et d&rsquo;hypnose ericksonnienne et spirituelle.<\/p>\n\n\n\n<p><\/p>\n\n\n\n<p><\/p>\n\n\n\n<p>En plus de mon activit\u00e9 de psychologue psychoth\u00e9rapeute,<strong>je suis formatrice pour enseigner une technique de traitement des traumatismes par les mouvements oculaires DINAMO<\/strong>(d\u00e9riv\u00e9 de l&rsquo;EMDR) D\u00e9programmation des traumatismes et Int\u00e9gration Neuronale Avec mes Mouvements Oculaires. En 2025, j&rsquo;ai aussi co-anim\u00e9 des ateliers pour prendre soin de soi avec Audrey Diad\u00e8me professeur de Yoga \u00e0 Marseille.<\/p>\n\n\n\n<figure class=\"wp-block-image size-full\"><img loading=\"lazy\" decoding=\"async\" width=\"1024\" height=\"1024\" src=\"https:\/\/psycho04.fr\/wp-content\/uploads\/2026\/01\/logo-emdr-Dinamo.png\" alt=\"\" class=\"wp-image-174\" srcset=\"https:\/\/psycho04.fr\/wp-content\/uploads\/2026\/01\/logo-emdr-Dinamo.png 1024w, https:\/\/psycho04.fr\/wp-content\/uploads\/2026\/01\/logo-emdr-Dinamo-300x300.png 300w, https:\/\/psycho04.fr\/wp-content\/uploads\/2026\/01\/logo-emdr-Dinamo-150x150.png 150w, https:\/\/psycho04.fr\/wp-content\/uploads\/2026\/01\/logo-emdr-Dinamo-768x768.png 768w\" sizes=\"auto, (max-width: 1024px) 100vw, 1024px\" \/><\/figure>\n\n\n\n<p><\/p>\n\n\n\n<p><\/p>\n\n\n\n<p>Pour rappel en <strong>septembre 2023<\/strong>, j&rsquo;ai d\u00e9m\u00e9nag\u00e9 mon local au 9 rue Alphonse Richard \u00e0 Digne-les bains.<\/p>\n\n\n\n<p><\/p>\n\n\n\n<p>J&rsquo;utilise l&rsquo;application <strong>\u00ab\u00a0Zen RDV\u00a0\u00bb<\/strong> <strong>pour les consultations sur Digne<\/strong>. Cela vous permet \u00e9galement de recevoir un sms de rappel 48h avant le rendez-vous.<\/p>\n\n\n\n<p><\/p>\n\n\n\n<p><br>.<\/p>\n","protected":false},"excerpt":{"rendered":"<p>Pour Information: je n&rsquo;ai pas adh\u00e9r\u00e9 au dispositif de remboursement par la CPAM. Actualit\u00e9: A partir de f\u00e9vrier 2026, j&rsquo;exercerai un jour par semaine \u00e0 Aix-en-Provence \u00e0 l&rsquo;Espace ID2genie, afin de proposer des acommpagnement ax\u00e9s sur des probl\u00e9matiques existentielles \u00e0 travers les approches DINAMO (mouvements oculaire) et d&rsquo;hypnose ericksonnienne et spirituelle. En plus de mon [&hellip;]<\/p>\n","protected":false},"author":1,"featured_media":0,"parent":0,"menu_order":0,"comment_status":"closed","ping_status":"closed","template":"","meta":{"footnotes":""},"class_list":["post-110","page","type-page","status-publish","hentry"],"_links":{"self":[{"href":"https:\/\/psycho04.fr\/index.php\/wp-json\/wp\/v2\/pages\/110","targetHints":{"allow":["GET"]}}],"collection":[{"href":"https:\/\/psycho04.fr\/index.php\/wp-json\/wp\/v2\/pages"}],"about":[{"href":"https:\/\/psycho04.fr\/index.php\/wp-json\/wp\/v2\/types\/page"}],"author":[{"embeddable":true,"href":"https:\/\/psycho04.fr\/index.php\/wp-json\/wp\/v2\/users\/1"}],"replies":[{"embeddable":true,"href":"https:\/\/psycho04.fr\/index.php\/wp-json\/wp\/v2\/comments?post=110"}],"version-history":[{"count":6,"href":"https:\/\/psycho04.fr\/index.php\/wp-json\/wp\/v2\/pages\/110\/revisions"}],"predecessor-version":[{"id":175,"href":"https:\/\/psycho04.fr\/index.php\/wp-json\/wp\/v2\/pages\/110\/revisions\/175"}],"wp:attachment":[{"href":"https:\/\/psycho04.fr\/index.php\/wp-json\/wp\/v2\/media?parent=110"}],"curies":[{"name":"wp","href":"https:\/\/api.w.org\/{rel}","templated":true}]}}